{"id":717,"date":"2023-06-19T18:55:52","date_gmt":"2023-06-19T18:55:52","guid":{"rendered":"https:\/\/urologoalbavilla.com\/?page_id=717"},"modified":"2025-07-26T03:01:14","modified_gmt":"2025-07-26T03:01:14","slug":"aviso-de-privacidad","status":"publish","type":"page","link":"https:\/\/urologoalbavilla.com\/index.php\/aviso-de-privacidad\/","title":{"rendered":"Aviso de privacidad"},"content":{"rendered":"\t\t<div data-elementor-type=\"wp-page\" data-elementor-id=\"717\" class=\"elementor elementor-717\" data-elementor-post-type=\"page\">\n\t\t\t\t\t\t<section class=\"elementor-section elementor-top-section elementor-element elementor-element-91afc74 elementor-section-boxed elementor-section-height-default elementor-section-height-default\" data-id=\"91afc74\" data-element_type=\"section\" data-e-type=\"section\">\n\t\t\t\t\t\t<div class=\"elementor-container elementor-column-gap-no\">\n\t\t\t\t\t<div class=\"elementor-column elementor-col-100 elementor-top-column elementor-element elementor-element-1c37cd54\" data-id=\"1c37cd54\" data-element_type=\"column\" data-e-type=\"column\">\n\t\t\t<div class=\"elementor-widget-wrap elementor-element-populated\">\n\t\t\t\t\t\t<section class=\"elementor-section elementor-inner-section elementor-element elementor-element-38b378c elementor-section-boxed elementor-section-height-default elementor-section-height-default\" data-id=\"38b378c\" data-element_type=\"section\" data-e-type=\"section\">\n\t\t\t\t\t\t<div class=\"elementor-container elementor-column-gap-no\">\n\t\t\t\t\t<div class=\"elementor-column elementor-col-100 elementor-inner-column elementor-element elementor-element-52cedc36\" data-id=\"52cedc36\" data-element_type=\"column\" data-e-type=\"column\">\n\t\t\t<div class=\"elementor-widget-wrap elementor-element-populated\">\n\t\t\t\t\t\t<div class=\"elementor-element elementor-element-4020cd3f elementor-widget elementor-widget-elementskit-heading\" data-id=\"4020cd3f\" data-element_type=\"widget\" data-e-type=\"widget\" data-widget_type=\"elementskit-heading.default\">\n\t\t\t\t<div class=\"elementor-widget-container\">\n\t\t\t\t\t<div class=\"ekit-wid-con\" ><div class=\"ekit-heading elementskit-section-title-wraper text_left   ekit_heading_tablet-text_left   ekit_heading_mobile-\"><h6 class=\"elementskit-section-subtitle  \">\n\t\t\t\t\t\t\u00bfC\u00f3mo usamos tu infomaci\u00f3n?\n\t\t\t\t\t<\/h6><h3 class=\"ekit-heading--title elementskit-section-title \">Aviso de privacidad<\/h3>\t\t\t\t<div class='ekit-heading__description'>\n\t\t\t\t\t<p>Para responder a cualquier solicitud relacionada con el ejercicio de sus derechos ARCO, para la revocaci\u00f3n del consentimiento que nos ha brindado para el procesamiento de sus datos personales, para limitar el uso o divulgaci\u00f3n de sus datos, o sobre los fines para el procesamiento de sus datos personales, ponemos a disposici\u00f3n nuestro Departamento de Privacidad en los siguientes medios de contacto:<\/p>\n<p><strong>Email: urologo.alba@gmail.com<\/strong><\/p>\n<p>Para comunicarnos con usted, necesitamos la siguiente informaci\u00f3n personal y de contacto en su solicitud:<\/p>\n<p>\u2022 Nombre del due\u00f1o<br \/>\u2022 Carta de autorizaci\u00f3n en caso de que la solicitud sea realizada por alguien que no sea el titular<br \/>\u2022 Copia de la identificaci\u00f3n del titular<br \/>\u2022 Email<br \/>\u2022 Tel\u00e9fono<\/p>\n<p>Despu\u00e9s de recibir su solicitud, recibir\u00e1 nuestra respuesta dentro de un m\u00e1ximo de veinte d\u00edas h\u00e1biles por el medio de contacto que proporcione.<\/p>\n<p><strong>\u00bfCon qu\u00e9 fines utilizaremos sus datos personales?<\/strong><\/p>\n<p>Los datos personales que recopilamos de usted los usaremos para los siguientes fines que son necesarios para el servicio que solicita:<\/p>\n<p>\u2022 Para fines de contacto<br \/>\u2022 Para facturaci\u00f3n y cobro<br \/>\u2022 Para ofrecer una evaluaci\u00f3n m\u00e9dica, prepare un expediente cl\u00ednico, emita recetas, ofrezca servicios m\u00e9dicos y quir\u00fargicos.<\/p>\n<p><strong>\u00bfQu\u00e9 informaci\u00f3n personal utilizaremos para estos fines?<\/strong><\/p>\n<p>Para llevar a cabo los fines descritos en este Aviso de privacidad, utilizaremos la siguiente informaci\u00f3n personal:<\/p>\n<p>\u2022 Informaci\u00f3n del contacto<br \/>\u2022 Datos de identificaci\u00f3n<br \/>\u2022 Datos de facturaci\u00f3n<br \/>\u2022 Informaci\u00f3n biom\u00e9trica<\/p>\n<p>Adem\u00e1s de los datos personales mencionados anteriormente, para los fines establecidos en este Aviso de privacidad utilizaremos los siguientes datos personales considerados como confidenciales, que requieren protecci\u00f3n especial:<\/p>\n<p>\u2022 Datos de salud<br \/>\u2022 Comportamiento y preferencias sexuales.<br \/>\u2022 Ideolog\u00edas y creencias religiosas o filos\u00f3ficas.<br \/>\u2022 Origen \u00e9tnico o racial<\/p>\n<p><strong>\u00bfC\u00f3mo puede acceder, rectificar o cancelar sus datos personales u oponerse a su uso?<\/strong><\/p>\n<p>Tiene derecho a saber qu\u00e9 informaci\u00f3n personal tenemos sobre usted, qu\u00e9 usamos y las condiciones de uso que le damos (Acceso). Adem\u00e1s, tiene derecho a solicitar la correcci\u00f3n de su informaci\u00f3n personal en caso de que est\u00e9 desactualizada, sea inexacta o incompleta (rectificaci\u00f3n); Que lo eliminemos de nuestros registros o bases de datos cuando considere que no se est\u00e1 utilizando de acuerdo con los principios, deberes y obligaciones establecidos en las regulaciones (Cancelaci\u00f3n); Adem\u00e1s de oponerse al uso de sus datos personales para fines espec\u00edficos (Oposici\u00f3n). Estos derechos se conocen como derechos ARCO.<\/p>\n<p>Si desea ejercer sus derechos ARCO, puede hacerlo contactando a nuestro Departamento de Privacidad en los medios establecidos en este aviso.<\/p>\n<p><strong>\u00bfC\u00f3mo puede revocar su consentimiento para el uso de sus datos personales?<\/strong><\/p>\n<p>Puede revocar el consentimiento que, en su caso, nos ha otorgado para el procesamiento de sus datos personales. Sin embargo, es importante tener en cuenta que en todos los casos no podremos atender su solicitud o concluir el uso de inmediato, ya que es posible que, por alguna obligaci\u00f3n legal, necesitemos continuar procesando sus datos personales. Tambi\u00e9n debe considerar que, para ciertos fines, la revocaci\u00f3n de su consentimiento significar\u00e1 que no podemos continuar brindando el servicio que solicit\u00f3, o la terminaci\u00f3n de su relaci\u00f3n con nosotros.<\/p>\n<p>Para conocer el procedimiento y los requisitos para la revocaci\u00f3n de su consentimiento, puede comunicarse con nuestro Departamento de Privacidad a trav\u00e9s de los medios especificados en este aviso.<\/p>\n<p><strong>\u00bfC\u00f3mo puede limitar el uso o divulgaci\u00f3n de su informaci\u00f3n personal?<\/strong><\/p>\n<p>Si desea limitar el uso o divulgaci\u00f3n de su informaci\u00f3n personal, puede solicitarla a nuestro Departamento de Privacidad a trav\u00e9s de los medios especificados en este aviso. Adem\u00e1s, podemos proporcionarle procedimientos y mecanismos espec\u00edficos mediante los cuales puede limitar el uso de su informaci\u00f3n personal. Estos procedimientos y mecanismos espec\u00edficos ser\u00e1n informados a trav\u00e9s de los medios que utilizamos para comunicarnos con usted u otros que consideremos apropiados.<\/p>\n<p><strong>\u00bfC\u00f3mo puede conocer los cambios a este Aviso de privacidad?<\/strong><\/p>\n<p>Este Aviso de privacidad puede estar sujeto a cambios, modificaciones o actualizaciones que surjan de nuevos requisitos legales; De nuestras propias necesidades de los productos o servicios que ofrecemos; De nuestras pr\u00e1cticas de privacidad; Cambios en nuestro modelo de negocio u otras causas.<\/p>\n<p>Los cambios en el Aviso de privacidad se informar\u00e1n a trav\u00e9s de nuestro sitio web en la siguiente direcci\u00f3n: <strong>www.urologoalbavilla.com<\/strong><\/p>\n\t\t\t\t<\/div>\n\t\t\t<\/div><\/div>\t\t\t\t<\/div>\n\t\t\t\t<\/div>\n\t\t\t\t\t<\/div>\n\t\t<\/div>\n\t\t\t\t\t<\/div>\n\t\t<\/section>\n\t\t\t\t\t<\/div>\n\t\t<\/div>\n\t\t\t\t\t<\/div>\n\t\t<\/section>\n\t\t\t\t<\/div>\n\t\t","protected":false},"excerpt":{"rendered":"<p>\u00bfC\u00f3mo usamos tu infomaci\u00f3n? Aviso de privacidad Para responder a cualquier solicitud relacionada con el ejercicio de sus derechos ARCO, para la revocaci\u00f3n del consentimiento que nos ha brindado para el procesamiento de sus datos personales, para limitar el uso o divulgaci\u00f3n de sus datos, o sobre los fines para el procesamiento de sus datos [&hellip;]<\/p>\n","protected":false},"author":1,"featured_media":0,"parent":0,"menu_order":0,"comment_status":"closed","ping_status":"closed","template":"elementor_header_footer","meta":{"footnotes":""},"class_list":["post-717","page","type-page","status-publish","hentry"],"_links":{"self":[{"href":"https:\/\/urologoalbavilla.com\/index.php\/wp-json\/wp\/v2\/pages\/717","targetHints":{"allow":["GET"]}}],"collection":[{"href":"https:\/\/urologoalbavilla.com\/index.php\/wp-json\/wp\/v2\/pages"}],"about":[{"href":"https:\/\/urologoalbavilla.com\/index.php\/wp-json\/wp\/v2\/types\/page"}],"author":[{"embeddable":true,"href":"https:\/\/urologoalbavilla.com\/index.php\/wp-json\/wp\/v2\/users\/1"}],"replies":[{"embeddable":true,"href":"https:\/\/urologoalbavilla.com\/index.php\/wp-json\/wp\/v2\/comments?post=717"}],"version-history":[{"count":49,"href":"https:\/\/urologoalbavilla.com\/index.php\/wp-json\/wp\/v2\/pages\/717\/revisions"}],"predecessor-version":[{"id":1241,"href":"https:\/\/urologoalbavilla.com\/index.php\/wp-json\/wp\/v2\/pages\/717\/revisions\/1241"}],"wp:attachment":[{"href":"https:\/\/urologoalbavilla.com\/index.php\/wp-json\/wp\/v2\/media?parent=717"}],"curies":[{"name":"wp","href":"https:\/\/api.w.org\/{rel}","templated":true}]}}